{"id":225,"date":"2024-03-08T23:39:12","date_gmt":"2024-03-08T22:39:12","guid":{"rendered":"https:\/\/medicalaesthetic.fr\/?page_id=225"},"modified":"2024-03-26T22:11:42","modified_gmt":"2024-03-26T21:11:42","slug":"traitement-cutanee","status":"publish","type":"page","link":"https:\/\/medicalaesthetic.fr\/index.php\/traitement-cutanee\/","title":{"rendered":"Traitement cutan\u00e9e"},"content":{"rendered":"\t\t<div data-elementor-type=\"wp-page\" data-elementor-id=\"225\" class=\"elementor elementor-225\">\n\t\t\t\t<div class=\"elementor-element elementor-element-6b27227 e-flex e-con-boxed e-con e-parent\" data-id=\"6b27227\" data-element_type=\"container\" data-settings=\"{&quot;background_background&quot;:&quot;classic&quot;,&quot;shape_divider_bottom&quot;:&quot;waves&quot;,&quot;shape_divider_bottom_negative&quot;:&quot;yes&quot;,&quot;content_width&quot;:&quot;boxed&quot;}\" data-core-v316-plus=\"true\">\n\t\t\t\t\t<div class=\"e-con-inner\">\n\t\t\t\t<div class=\"elementor-shape elementor-shape-bottom\" data-negative=\"true\">\n\t\t\t<svg xmlns=\"http:\/\/www.w3.org\/2000\/svg\" viewBox=\"0 0 1000 100\" preserveAspectRatio=\"none\">\n\t<path class=\"elementor-shape-fill\" d=\"M790.5,93.1c-59.3-5.3-116.8-18-192.6-50c-29.6-12.7-76.9-31-100.5-35.9c-23.6-4.9-52.6-7.8-75.5-5.3\n\tc-10.2,1.1-22.6,1.4-50.1,7.4c-27.2,6.3-58.2,16.6-79.4,24.7c-41.3,15.9-94.9,21.9-134,22.6C72,58.2,0,25.8,0,25.8V100h1000V65.3\n\tc0,0-51.5,19.4-106.2,25.7C839.5,97,814.1,95.2,790.5,93.1z\"\/>\n<\/svg>\t\t<\/div>\n\t\t<div class=\"elementor-element elementor-element-4e3a736 e-flex e-con-boxed e-con e-child\" data-id=\"4e3a736\" data-element_type=\"container\" data-settings=\"{&quot;content_width&quot;:&quot;boxed&quot;}\">\n\t\t\t\t\t<div class=\"e-con-inner\">\n\t\t\t\t<div class=\"elementor-element elementor-element-c71fadc elementor-widget__width-inherit elementor-widget elementor-widget-jkit_post_title\" data-id=\"c71fadc\" data-element_type=\"widget\" data-widget_type=\"jkit_post_title.default\">\n\t\t\t\t<div class=\"elementor-widget-container\">\n\t\t\t<div  class=\"jeg-elementor-kit jkit-post-title jeg_module___69d20f4b7e4a4\" ><h2 class=\"post-title style-color \">Traitement cutan\u00e9e<\/h2><\/div>\t\t<\/div>\n\t\t\t\t<\/div>\n\t\t\t\t\t<\/div>\n\t\t\t\t<\/div>\n\t\t\t\t\t<\/div>\n\t\t\t\t<\/div>\n\t\t<div class=\"elementor-element elementor-element-4c4675b e-flex e-con-boxed e-con e-parent\" data-id=\"4c4675b\" data-element_type=\"container\" data-settings=\"{&quot;background_background&quot;:&quot;gradient&quot;,&quot;content_width&quot;:&quot;boxed&quot;}\" data-core-v316-plus=\"true\">\n\t\t\t\t\t<div class=\"e-con-inner\">\n\t\t<div class=\"elementor-element elementor-element-a4afe0f e-flex e-con-boxed e-con e-child\" data-id=\"a4afe0f\" data-element_type=\"container\" data-settings=\"{&quot;content_width&quot;:&quot;boxed&quot;}\">\n\t\t\t\t\t<div class=\"e-con-inner\">\n\t\t\t\t<div class=\"elementor-element elementor-element-0c6f5dc elementor-widget elementor-widget-image\" data-id=\"0c6f5dc\" data-element_type=\"widget\" data-widget_type=\"image.default\">\n\t\t\t\t<div class=\"elementor-widget-container\">\n\t\t\t<style>\/*! elementor - v3.19.0 - 07-02-2024 *\/\n.elementor-widget-image{text-align:center}.elementor-widget-image a{display:inline-block}.elementor-widget-image a img[src$=\".svg\"]{width:48px}.elementor-widget-image img{vertical-align:middle;display:inline-block}<\/style>\t\t\t\t\t\t\t\t\t\t<img fetchpriority=\"high\" decoding=\"async\" width=\"800\" height=\"533\" src=\"https:\/\/medicalaesthetic.fr\/wp-content\/uploads\/2024\/02\/female-is-receiving-botox-injections-stock-photo-1024x682.jpg\" class=\"attachment-large size-large wp-image-116\" alt=\"\" srcset=\"https:\/\/medicalaesthetic.fr\/wp-content\/uploads\/2024\/02\/female-is-receiving-botox-injections-stock-photo-1024x682.jpg 1024w, https:\/\/medicalaesthetic.fr\/wp-content\/uploads\/2024\/02\/female-is-receiving-botox-injections-stock-photo-300x200.jpg 300w, https:\/\/medicalaesthetic.fr\/wp-content\/uploads\/2024\/02\/female-is-receiving-botox-injections-stock-photo-768x512.jpg 768w, https:\/\/medicalaesthetic.fr\/wp-content\/uploads\/2024\/02\/female-is-receiving-botox-injections-stock-photo-1536x1024.jpg 1536w, https:\/\/medicalaesthetic.fr\/wp-content\/uploads\/2024\/02\/female-is-receiving-botox-injections-stock-photo.jpg 2000w\" sizes=\"(max-width: 800px) 100vw, 800px\" \/>\t\t\t\t\t\t\t\t\t\t\t\t\t<\/div>\n\t\t\t\t<\/div>\n\t\t<div class=\"elementor-element elementor-element-0eab1f4 e-flex e-con-boxed e-con e-child\" data-id=\"0eab1f4\" data-element_type=\"container\" data-settings=\"{&quot;content_width&quot;:&quot;boxed&quot;}\">\n\t\t\t\t\t<div class=\"e-con-inner\">\n\t\t\t\t<div class=\"elementor-element elementor-element-ed4993d elementor-widget__width-inherit elementor-widget elementor-widget-heading\" data-id=\"ed4993d\" data-element_type=\"widget\" data-widget_type=\"heading.default\">\n\t\t\t\t<div class=\"elementor-widget-container\">\n\t\t\t<style>\/*! elementor - v3.19.0 - 07-02-2024 *\/\n.elementor-heading-title{padding:0;margin:0;line-height:1}.elementor-widget-heading .elementor-heading-title[class*=elementor-size-]>a{color:inherit;font-size:inherit;line-height:inherit}.elementor-widget-heading .elementor-heading-title.elementor-size-small{font-size:15px}.elementor-widget-heading .elementor-heading-title.elementor-size-medium{font-size:19px}.elementor-widget-heading .elementor-heading-title.elementor-size-large{font-size:29px}.elementor-widget-heading .elementor-heading-title.elementor-size-xl{font-size:39px}.elementor-widget-heading .elementor-heading-title.elementor-size-xxl{font-size:59px}<\/style><h3 class=\"elementor-heading-title elementor-size-default\">Naviguer dans le monde de l'esth\u00e9tique <\/h3>\t\t<\/div>\n\t\t\t\t<\/div>\n\t\t<div class=\"elementor-element elementor-element-589e7f7 e-flex e-con-boxed e-con e-child\" data-id=\"589e7f7\" data-element_type=\"container\" data-settings=\"{&quot;content_width&quot;:&quot;boxed&quot;}\">\n\t\t\t\t\t<div class=\"e-con-inner\">\n\t\t\t\t<div class=\"elementor-element elementor-element-e15cfea elementor-widget elementor-widget-text-editor\" data-id=\"e15cfea\" data-element_type=\"widget\" data-widget_type=\"text-editor.default\">\n\t\t\t\t<div class=\"elementor-widget-container\">\n\t\t\t<style>\/*! elementor - v3.19.0 - 07-02-2024 *\/\n.elementor-widget-text-editor.elementor-drop-cap-view-stacked .elementor-drop-cap{background-color:#69727d;color:#fff}.elementor-widget-text-editor.elementor-drop-cap-view-framed .elementor-drop-cap{color:#69727d;border:3px solid;background-color:transparent}.elementor-widget-text-editor:not(.elementor-drop-cap-view-default) .elementor-drop-cap{margin-top:8px}.elementor-widget-text-editor:not(.elementor-drop-cap-view-default) .elementor-drop-cap-letter{width:1em;height:1em}.elementor-widget-text-editor .elementor-drop-cap{float:left;text-align:center;line-height:1;font-size:50px}.elementor-widget-text-editor .elementor-drop-cap-letter{display:inline-block}<\/style>\t\t\t\t<p><span class=\"OYPEnA text-decoration-none text-strikethrough-none\">Le Botox, ou toxine botulique, est un m\u00e9dicament injectable utilis\u00e9 pour traiter les rides dynamiques, c&rsquo;est-\u00e0-dire les rides qui se forment lorsque les muscles du visage se contractent. Il est g\u00e9n\u00e9ralement utilis\u00e9 pour traiter les rides du front, les rides entre les sourcils (rides du lion) et les pattes d&rsquo;oie autour des yeux.<\/span><\/p><p><span class=\"OYPEnA text-decoration-none text-strikethrough-none\">Le Botox agit en bloquant temporairement les signaux nerveux qui provoquent la contraction des muscles. Cela permet de d\u00e9tendre les muscles et d&rsquo;att\u00e9nuer l&rsquo;apparence des rides. Il est important de noter que le Botox ne fonctionne que sur les rides dynamiques et ne traite pas les rides statiques, qui sont dues \u00e0 la perte de volume ou d&rsquo;\u00e9lasticit\u00e9 de la peau.<\/span><\/p><p><span class=\"OYPEnA text-decoration-none text-strikethrough-none\">Le Botox, ou toxine botulique, est \u00e9galement utilis\u00e9 pour traiter l&rsquo;hyperhidrose, ou transpiration excessive. Lorsqu&rsquo;il est inject\u00e9 dans les zones cibl\u00e9es, comme les aisselles, les paumes des mains ou les plantes des pieds, il bloque temporairement les signaux nerveux qui stimulent les glandes sudoripares. Cela r\u00e9duit la production de sueur dans ces zones, aidant ainsi \u00e0 att\u00e9nuer les probl\u00e8mes d&rsquo;hyperhidrose.<\/span><\/p><p>\u00a0<\/p>\t\t\t\t\t\t<\/div>\n\t\t\t\t<\/div>\n\t\t\t\t\t<\/div>\n\t\t\t\t<\/div>\n\t\t<div class=\"elementor-element elementor-element-63f509b e-flex e-con-boxed e-con e-child\" data-id=\"63f509b\" data-element_type=\"container\" data-settings=\"{&quot;background_background&quot;:&quot;classic&quot;,&quot;content_width&quot;:&quot;boxed&quot;}\">\n\t\t\t\t\t<div class=\"e-con-inner\">\n\t\t\t\t<div class=\"elementor-element elementor-element-3d721f7 elementor-widget__width-auto elementor-view-default elementor-widget elementor-widget-icon\" data-id=\"3d721f7\" data-element_type=\"widget\" data-widget_type=\"icon.default\">\n\t\t\t\t<div class=\"elementor-widget-container\">\n\t\t\t\t\t<div class=\"elementor-icon-wrapper\">\n\t\t\t<div class=\"elementor-icon\">\n\t\t\t<i aria-hidden=\"true\" class=\"jki jki-quote2-light\"><\/i>\t\t\t<\/div>\n\t\t<\/div>\n\t\t\t\t<\/div>\n\t\t\t\t<\/div>\n\t\t\t\t<div class=\"elementor-element elementor-element-47cf263 elementor-widget__width-initial elementor-widget-mobile__width-inherit elementor-widget elementor-widget-text-editor\" data-id=\"47cf263\" data-element_type=\"widget\" data-widget_type=\"text-editor.default\">\n\t\t\t\t<div class=\"elementor-widget-container\">\n\t\t\t\t\t\t\t<p>Il faut s&rsquo;engager sur la voie de l&rsquo;am\u00e9lioration de soi, que ce soit par le biais du d\u00e9veloppement personnel ou d&rsquo;une intervention esth\u00e9tique bien choisie.<\/p>\t\t\t\t\t\t<\/div>\n\t\t\t\t<\/div>\n\t\t\t\t\t<\/div>\n\t\t\t\t<\/div>\n\t\t\t\t<div class=\"elementor-element elementor-element-1fdb96c elementor-widget__width-inherit elementor-widget elementor-widget-heading\" data-id=\"1fdb96c\" data-element_type=\"widget\" data-widget_type=\"heading.default\">\n\t\t\t\t<div class=\"elementor-widget-container\">\n\t\t\t<h3 class=\"elementor-heading-title elementor-size-default\">Derri\u00e8re la beaut\u00e9 : Histoires du studio d'aesthetic medical<\/h3>\t\t<\/div>\n\t\t\t\t<\/div>\n\t\t<div class=\"elementor-element elementor-element-4c739e2 e-flex e-con-boxed e-con e-child\" data-id=\"4c739e2\" data-element_type=\"container\" data-settings=\"{&quot;background_background&quot;:&quot;gradient&quot;,&quot;content_width&quot;:&quot;boxed&quot;}\">\n\t\t\t\t\t<div class=\"e-con-inner\">\n\t\t\t\t<div class=\"elementor-element elementor-element-8891cbb elementor-widget elementor-widget-text-editor\" data-id=\"8891cbb\" data-element_type=\"widget\" data-widget_type=\"text-editor.default\">\n\t\t\t\t<div class=\"elementor-widget-container\">\n\t\t\t\t\t\t\t<p><strong>Zones trait\u00e9es :<\/strong> Les zones du visage couramment trait\u00e9es avec le Botox comprennent :<\/p><ul><li>Le front : Pour r\u00e9duire les rides horizontales du front.<\/li><li>Les pattes d&rsquo;oie : Pour att\u00e9nuer les rides autour des yeux lorsque l&rsquo;on sourit.<\/li><li>Les rides du lion : Pour lisser les rides verticales entre les sourcils.<\/li><li>Les rides du menton : Pour diminuer les plis du menton.<\/li><li>Les lignes de marionnette : Pour adoucir les rides autour de la bouche.<\/li><li>Le cou : Pour r\u00e9duire l&rsquo;apparence des rides du cou.<\/li><\/ul>\t\t\t\t\t\t<\/div>\n\t\t\t\t<\/div>\n\t\t\t\t<div class=\"elementor-element elementor-element-0e27159 elementor-widget elementor-widget-text-editor\" data-id=\"0e27159\" data-element_type=\"widget\" data-widget_type=\"text-editor.default\">\n\t\t\t\t<div class=\"elementor-widget-container\">\n\t\t\t\t\t\t\t<p><span class=\"OYPEnA text-decoration-none text-strikethrough-none\">Le Botox est g\u00e9n\u00e9ralement utilis\u00e9 pour traiter l&rsquo;hyperhidrose lorsque d&rsquo;autres m\u00e9thodes, telles que les d\u00e9odorants antitranspirants ou les m\u00e9dicaments oraux, n&rsquo;ont pas donn\u00e9 les r\u00e9sultats souhait\u00e9s. Les injections de Botox pour l&rsquo;hyperhidrose sont g\u00e9n\u00e9ralement bien tol\u00e9r\u00e9es et les effets peuvent durer plusieurs mois.<\/span><\/p><p><span class=\"OYPEnA text-decoration-none text-strikethrough-none\">Il est important de noter que le Botox ne traite que les sympt\u00f4mes de l&rsquo;hyperhidrose et ne gu\u00e9rit pas la condition sous-jacente. Par cons\u00e9quent, les injections doivent \u00eatre r\u00e9p\u00e9t\u00e9es p\u00e9riodiquement pour maintenir les r\u00e9sultats.<\/span><\/p>\t\t\t\t\t\t<\/div>\n\t\t\t\t<\/div>\n\t\t\t\t<div class=\"elementor-element elementor-element-601629c elementor-widget elementor-widget-text-editor\" data-id=\"601629c\" data-element_type=\"widget\" data-widget_type=\"text-editor.default\">\n\t\t\t\t<div class=\"elementor-widget-container\">\n\t\t\t\t\t\t\t<p><span class=\"OYPEnA text-decoration-none text-strikethrough-none\">Les contre-indications du Botox incluent:<\/span><\/p>\t\t\t\t\t\t<\/div>\n\t\t\t\t<\/div>\n\t\t\t\t<div class=\"elementor-element elementor-element-209a0e9 elementor-widget elementor-widget-text-editor\" data-id=\"209a0e9\" data-element_type=\"widget\" data-widget_type=\"text-editor.default\">\n\t\t\t\t<div class=\"elementor-widget-container\">\n\t\t\t\t\t\t\t<ul><li><span class=\"OYPEnA text-decoration-none text-strikethrough-none\">Une infection cutan\u00e9e dans la zone \u00e0 traiter<\/span><\/li><li><span class=\"OYPEnA text-decoration-none text-strikethrough-none\">Une allergie \u00e0 la toxine botulique ou \u00e0 l&rsquo;un des ingr\u00e9dients du m\u00e9dicament<\/span><\/li><li><span class=\"OYPEnA text-decoration-none text-strikethrough-none\">Une maladie neuromusculaire, telle que la myasth\u00e9nie grave ou le syndrome de Lambert-Eaton.<\/span><\/li><li><span class=\"OYPEnA text-decoration-none text-strikethrough-none\">Une grossesse ou l&rsquo;allaitement.<\/span><\/li><\/ul>\t\t\t\t\t\t<\/div>\n\t\t\t\t<\/div>\n\t\t\t\t<div class=\"elementor-element elementor-element-59bcf03 elementor-widget elementor-widget-text-editor\" data-id=\"59bcf03\" data-element_type=\"widget\" data-widget_type=\"text-editor.default\">\n\t\t\t\t<div class=\"elementor-widget-container\">\n\t\t\t\t\t\t\t<p><span class=\"OYPEnA text-decoration-none text-strikethrough-none\">Il est important de consulter un professionnels qualifi\u00e9 pour d\u00e9terminer si le Botox est appropri\u00e9 pour vous et pour discuter de vos attentes et de vos options de traitement.<\/span><\/p>\t\t\t\t\t\t<\/div>\n\t\t\t\t<\/div>\n\t\t\t\t\t<\/div>\n\t\t\t\t<\/div>\n\t\t<div class=\"elementor-element elementor-element-5c82e44 e-flex e-con-boxed e-con e-child\" data-id=\"5c82e44\" data-element_type=\"container\" data-settings=\"{&quot;content_width&quot;:&quot;boxed&quot;}\">\n\t\t\t\t\t<div class=\"e-con-inner\">\n\t\t\t\t<div class=\"elementor-element elementor-element-bfd6e77 elementor-widget elementor-widget-heading\" data-id=\"bfd6e77\" data-element_type=\"widget\" data-widget_type=\"heading.default\">\n\t\t\t\t<div class=\"elementor-widget-container\">\n\t\t\t<h3 class=\"elementor-heading-title elementor-size-default\">Partager  : <\/h3>\t\t<\/div>\n\t\t\t\t<\/div>\n\t\t\t\t<div class=\"elementor-element elementor-element-a9586d1 elementor-shape-circle e-grid-align-right e-grid-align-tablet-center elementor-grid-0 elementor-widget elementor-widget-social-icons\" data-id=\"a9586d1\" data-element_type=\"widget\" data-widget_type=\"social-icons.default\">\n\t\t\t\t<div class=\"elementor-widget-container\">\n\t\t\t<style>\/*! elementor - v3.19.0 - 07-02-2024 *\/\n.elementor-widget-social-icons.elementor-grid-0 .elementor-widget-container,.elementor-widget-social-icons.elementor-grid-mobile-0 .elementor-widget-container,.elementor-widget-social-icons.elementor-grid-tablet-0 .elementor-widget-container{line-height:1;font-size:0}.elementor-widget-social-icons:not(.elementor-grid-0):not(.elementor-grid-tablet-0):not(.elementor-grid-mobile-0) .elementor-grid{display:inline-grid}.elementor-widget-social-icons .elementor-grid{grid-column-gap:var(--grid-column-gap,5px);grid-row-gap:var(--grid-row-gap,5px);grid-template-columns:var(--grid-template-columns);justify-content:var(--justify-content,center);justify-items:var(--justify-content,center)}.elementor-icon.elementor-social-icon{font-size:var(--icon-size,25px);line-height:var(--icon-size,25px);width:calc(var(--icon-size, 25px) + 2 * var(--icon-padding, .5em));height:calc(var(--icon-size, 25px) + 2 * var(--icon-padding, .5em))}.elementor-social-icon{--e-social-icon-icon-color:#fff;display:inline-flex;background-color:#69727d;align-items:center;justify-content:center;text-align:center;cursor:pointer}.elementor-social-icon i{color:var(--e-social-icon-icon-color)}.elementor-social-icon svg{fill:var(--e-social-icon-icon-color)}.elementor-social-icon:last-child{margin:0}.elementor-social-icon:hover{opacity:.9;color:#fff}.elementor-social-icon-android{background-color:#a4c639}.elementor-social-icon-apple{background-color:#999}.elementor-social-icon-behance{background-color:#1769ff}.elementor-social-icon-bitbucket{background-color:#205081}.elementor-social-icon-codepen{background-color:#000}.elementor-social-icon-delicious{background-color:#39f}.elementor-social-icon-deviantart{background-color:#05cc47}.elementor-social-icon-digg{background-color:#005be2}.elementor-social-icon-dribbble{background-color:#ea4c89}.elementor-social-icon-elementor{background-color:#d30c5c}.elementor-social-icon-envelope{background-color:#ea4335}.elementor-social-icon-facebook,.elementor-social-icon-facebook-f{background-color:#3b5998}.elementor-social-icon-flickr{background-color:#0063dc}.elementor-social-icon-foursquare{background-color:#2d5be3}.elementor-social-icon-free-code-camp,.elementor-social-icon-freecodecamp{background-color:#006400}.elementor-social-icon-github{background-color:#333}.elementor-social-icon-gitlab{background-color:#e24329}.elementor-social-icon-globe{background-color:#69727d}.elementor-social-icon-google-plus,.elementor-social-icon-google-plus-g{background-color:#dd4b39}.elementor-social-icon-houzz{background-color:#7ac142}.elementor-social-icon-instagram{background-color:#262626}.elementor-social-icon-jsfiddle{background-color:#487aa2}.elementor-social-icon-link{background-color:#818a91}.elementor-social-icon-linkedin,.elementor-social-icon-linkedin-in{background-color:#0077b5}.elementor-social-icon-medium{background-color:#00ab6b}.elementor-social-icon-meetup{background-color:#ec1c40}.elementor-social-icon-mixcloud{background-color:#273a4b}.elementor-social-icon-odnoklassniki{background-color:#f4731c}.elementor-social-icon-pinterest{background-color:#bd081c}.elementor-social-icon-product-hunt{background-color:#da552f}.elementor-social-icon-reddit{background-color:#ff4500}.elementor-social-icon-rss{background-color:#f26522}.elementor-social-icon-shopping-cart{background-color:#4caf50}.elementor-social-icon-skype{background-color:#00aff0}.elementor-social-icon-slideshare{background-color:#0077b5}.elementor-social-icon-snapchat{background-color:#fffc00}.elementor-social-icon-soundcloud{background-color:#f80}.elementor-social-icon-spotify{background-color:#2ebd59}.elementor-social-icon-stack-overflow{background-color:#fe7a15}.elementor-social-icon-steam{background-color:#00adee}.elementor-social-icon-stumbleupon{background-color:#eb4924}.elementor-social-icon-telegram{background-color:#2ca5e0}.elementor-social-icon-thumb-tack{background-color:#1aa1d8}.elementor-social-icon-tripadvisor{background-color:#589442}.elementor-social-icon-tumblr{background-color:#35465c}.elementor-social-icon-twitch{background-color:#6441a5}.elementor-social-icon-twitter{background-color:#1da1f2}.elementor-social-icon-viber{background-color:#665cac}.elementor-social-icon-vimeo{background-color:#1ab7ea}.elementor-social-icon-vk{background-color:#45668e}.elementor-social-icon-weibo{background-color:#dd2430}.elementor-social-icon-weixin{background-color:#31a918}.elementor-social-icon-whatsapp{background-color:#25d366}.elementor-social-icon-wordpress{background-color:#21759b}.elementor-social-icon-xing{background-color:#026466}.elementor-social-icon-yelp{background-color:#af0606}.elementor-social-icon-youtube{background-color:#cd201f}.elementor-social-icon-500px{background-color:#0099e5}.elementor-shape-rounded .elementor-icon.elementor-social-icon{border-radius:10%}.elementor-shape-circle .elementor-icon.elementor-social-icon{border-radius:50%}<\/style>\t\t<div class=\"elementor-social-icons-wrapper elementor-grid\">\n\t\t\t\t\t\t\t<span class=\"elementor-grid-item\">\n\t\t\t\t\t<a class=\"elementor-icon elementor-social-icon elementor-social-icon-jki-instagram-1-light elementor-animation-shrink elementor-repeater-item-63f86db\" href=\"https:\/\/www.instagram.com\/medical.aesthetic.mm?utm_source=ig_web_button_share_sheet&#038;igsh=ZDNlZDc0MzIxNw==\" target=\"_blank\">\n\t\t\t\t\t\t<span class=\"elementor-screen-only\">Jki-instagram-1-light<\/span>\n\t\t\t\t\t\t<i class=\"jki jki-instagram-1-light\"><\/i>\t\t\t\t\t<\/a>\n\t\t\t\t<\/span>\n\t\t\t\t\t\t\t<span class=\"elementor-grid-item\">\n\t\t\t\t\t<a class=\"elementor-icon elementor-social-icon elementor-social-icon-snapchat elementor-animation-shrink elementor-repeater-item-d54d883\" href=\"https:\/\/www.instagram.com\/medical.aesthetic.mm?utm_source=ig_web_button_share_sheet&#038;igsh=ZDNlZDc0MzIxNw==\" target=\"_blank\">\n\t\t\t\t\t\t<span class=\"elementor-screen-only\">Snapchat<\/span>\n\t\t\t\t\t\t<svg class=\"e-font-icon-svg e-fab-snapchat\" viewBox=\"0 0 496 512\" xmlns=\"http:\/\/www.w3.org\/2000\/svg\"><path d=\"M248 8C111 8 0 119 0 256s111 248 248 248 248-111 248-248S385 8 248 8zm169.5 338.9c-3.5 8.1-18.1 14-44.8 18.2-1.4 1.9-2.5 9.8-4.3 15.9-1.1 3.7-3.7 5.9-8.1 5.9h-.2c-6.2 0-12.8-2.9-25.8-2.9-17.6 0-23.7 4-37.4 13.7-14.5 10.3-28.4 19.1-49.2 18.2-21 1.6-38.6-11.2-48.5-18.2-13.8-9.7-19.8-13.7-37.4-13.7-12.5 0-20.4 3.1-25.8 3.1-5.4 0-7.5-3.3-8.3-6-1.8-6.1-2.9-14.1-4.3-16-13.8-2.1-44.8-7.5-45.5-21.4-.2-3.6 2.3-6.8 5.9-7.4 46.3-7.6 67.1-55.1 68-57.1 0-.1.1-.2.2-.3 2.5-5 3-9.2 1.6-12.5-3.4-7.9-17.9-10.7-24-13.2-15.8-6.2-18-13.4-17-18.3 1.6-8.5 14.4-13.8 21.9-10.3 5.9 2.8 11.2 4.2 15.7 4.2 3.3 0 5.5-.8 6.6-1.4-1.4-23.9-4.7-58 3.8-77.1C183.1 100 230.7 96 244.7 96c.6 0 6.1-.1 6.7-.1 34.7 0 68 17.8 84.3 54.3 8.5 19.1 5.2 53.1 3.8 77.1 1.1.6 2.9 1.3 5.7 1.4 4.3-.2 9.2-1.6 14.7-4.2 4-1.9 9.6-1.6 13.6 0 6.3 2.3 10.3 6.8 10.4 11.9.1 6.5-5.7 12.1-17.2 16.6-1.4.6-3.1 1.1-4.9 1.7-6.5 2.1-16.4 5.2-19 11.5-1.4 3.3-.8 7.5 1.6 12.5.1.1.1.2.2.3.9 2 21.7 49.5 68 57.1 4 1 7.1 5.5 4.9 10.8z\"><\/path><\/svg>\t\t\t\t\t<\/a>\n\t\t\t\t<\/span>\n\t\t\t\t\t<\/div>\n\t\t\t\t<\/div>\n\t\t\t\t<\/div>\n\t\t\t\t\t<\/div>\n\t\t\t\t<\/div>\n\t\t\t\t\t<\/div>\n\t\t\t\t<\/div>\n\t\t\t\t\t<\/div>\n\t\t\t\t<\/div>\n\t\t\t\t\t<\/div>\n\t\t\t\t<\/div>\n\t\t\t\t<\/div>\n\t\t","protected":false},"excerpt":{"rendered":"<p>Traitement cutan\u00e9e Naviguer dans le monde de l&rsquo;esth\u00e9tique Le Botox, ou toxine botulique, est un m\u00e9dicament injectable utilis\u00e9 pour traiter les rides dynamiques, c&rsquo;est-\u00e0-dire les rides qui se forment lorsque les muscles du visage se contractent. Il est g\u00e9n\u00e9ralement utilis\u00e9 pour traiter les rides du front, les rides entre les sourcils (rides du lion) et [&hellip;]<\/p>\n","protected":false},"author":2,"featured_media":0,"parent":0,"menu_order":0,"comment_status":"closed","ping_status":"closed","template":"","meta":{"om_disable_all_campaigns":false,"_monsterinsights_skip_tracking":false,"_monsterinsights_sitenote_active":false,"_monsterinsights_sitenote_note":"","_monsterinsights_sitenote_category":0,"footnotes":""},"aioseo_notices":[],"_links":{"self":[{"href":"https:\/\/medicalaesthetic.fr\/index.php\/wp-json\/wp\/v2\/pages\/225"}],"collection":[{"href":"https:\/\/medicalaesthetic.fr\/index.php\/wp-json\/wp\/v2\/pages"}],"about":[{"href":"https:\/\/medicalaesthetic.fr\/index.php\/wp-json\/wp\/v2\/types\/page"}],"author":[{"embeddable":true,"href":"https:\/\/medicalaesthetic.fr\/index.php\/wp-json\/wp\/v2\/users\/2"}],"replies":[{"embeddable":true,"href":"https:\/\/medicalaesthetic.fr\/index.php\/wp-json\/wp\/v2\/comments?post=225"}],"version-history":[{"count":13,"href":"https:\/\/medicalaesthetic.fr\/index.php\/wp-json\/wp\/v2\/pages\/225\/revisions"}],"predecessor-version":[{"id":553,"href":"https:\/\/medicalaesthetic.fr\/index.php\/wp-json\/wp\/v2\/pages\/225\/revisions\/553"}],"wp:attachment":[{"href":"https:\/\/medicalaesthetic.fr\/index.php\/wp-json\/wp\/v2\/media?parent=225"}],"curies":[{"name":"wp","href":"https:\/\/api.w.org\/{rel}","templated":true}]}}